{"id":932,"date":"2023-08-04T01:05:25","date_gmt":"2023-08-04T01:05:25","guid":{"rendered":"https:\/\/usaditosherenciajacobo.com\/?page_id=932"},"modified":"2024-02-12T17:31:35","modified_gmt":"2024-02-12T17:31:35","slug":"como-comprar","status":"publish","type":"page","link":"https:\/\/usaditosherenciajacobo.com\/index.php\/como-comprar\/","title":{"rendered":"C\u00f3mo Comprar"},"content":{"rendered":"\t\t<div data-elementor-type=\"wp-page\" data-elementor-id=\"932\" class=\"elementor elementor-932\">\n\t\t\t\t\t\t<header class=\"elementor-section elementor-top-section elementor-element elementor-element-c88367b elementor-section-full_width elementor-section-height-default elementor-section-height-default\" data-id=\"c88367b\" data-element_type=\"section\" data-settings=\"{&quot;background_background&quot;:&quot;classic&quot;}\">\n\t\t\t\t\t\t\t<div class=\"elementor-background-overlay\"><\/div>\n\t\t\t\t\t\t\t<div class=\"elementor-container elementor-column-gap-default\">\n\t\t\t\t\t<div class=\"elementor-column elementor-col-100 elementor-top-column elementor-element elementor-element-59d4cf7\" data-id=\"59d4cf7\" data-element_type=\"column\">\n\t\t\t<div class=\"elementor-widget-wrap elementor-element-populated\">\n\t\t\t\t\t\t<div class=\"elementor-element elementor-element-b03d988 elementor-widget__width-initial elementor-widget elementor-widget-image\" data-id=\"b03d988\" data-element_type=\"widget\" data-widget_type=\"image.default\">\n\t\t\t\t<div class=\"elementor-widget-container\">\n\t\t\t\t\t\t\t\t\t\t\t\t\t\t\t\t<a href=\"https:\/\/usaditosherenciajacobo.com\/index.php\/home\/\">\n\t\t\t\t\t\t\t<img fetchpriority=\"high\" decoding=\"async\" width=\"746\" height=\"212\" src=\"https:\/\/usaditosherenciajacobo.com\/wp-content\/uploads\/2023\/08\/Imagen_de_WhatsApp_2023-08-04_a_las_18.37.22-removebg-preview-1.png\" class=\"attachment-large size-large wp-image-1134\" alt=\"\" srcset=\"https:\/\/usaditosherenciajacobo.com\/wp-content\/uploads\/2023\/08\/Imagen_de_WhatsApp_2023-08-04_a_las_18.37.22-removebg-preview-1.png 746w, https:\/\/usaditosherenciajacobo.com\/wp-content\/uploads\/2023\/08\/Imagen_de_WhatsApp_2023-08-04_a_las_18.37.22-removebg-preview-1-300x85.png 300w\" sizes=\"(max-width: 746px) 100vw, 746px\" \/>\t\t\t\t\t\t\t\t<\/a>\n\t\t\t\t\t\t\t\t\t\t\t\t\t\t\t<\/div>\n\t\t\t\t<\/div>\n\t\t\t\t<div class=\"elementor-element elementor-element-13b1d34 elementor-widget__width-auto elementor-widget elementor-widget-heading\" data-id=\"13b1d34\" data-element_type=\"widget\" data-widget_type=\"heading.default\">\n\t\t\t\t<div class=\"elementor-widget-container\">\n\t\t\t\t\t<h1 class=\"elementor-heading-title elementor-size-default\">no tiene que ser nuevo para ser hermoso<\/h1>\t\t\t\t<\/div>\n\t\t\t\t<\/div>\n\t\t\t\t\t<\/div>\n\t\t<\/div>\n\t\t\t\t\t<\/div>\n\t\t<\/header>\n\t\t\t\t<header class=\"elementor-section elementor-top-section elementor-element elementor-element-0f468ee elementor-section-boxed elementor-section-height-default elementor-section-height-default\" data-id=\"0f468ee\" data-element_type=\"section\" data-settings=\"{&quot;background_background&quot;:&quot;classic&quot;}\">\n\t\t\t\t\t\t\t<div class=\"elementor-background-overlay\"><\/div>\n\t\t\t\t\t\t\t<div class=\"elementor-container elementor-column-gap-default\">\n\t\t\t\t\t<div class=\"elementor-column elementor-col-100 elementor-top-column elementor-element elementor-element-1c51ba0\" data-id=\"1c51ba0\" data-element_type=\"column\">\n\t\t\t<div class=\"elementor-widget-wrap elementor-element-populated\">\n\t\t\t\t\t\t<div class=\"elementor-element elementor-element-1204157 elementor-invisible elementor-widget elementor-widget-heading\" data-id=\"1204157\" data-element_type=\"widget\" data-settings=\"{&quot;_animation&quot;:&quot;fadeInUp&quot;}\" data-widget_type=\"heading.default\">\n\t\t\t\t<div class=\"elementor-widget-container\">\n\t\t\t\t\t<h2 class=\"elementor-heading-title elementor-size-default\">C\u00f3mo Comprar?<\/h2>\t\t\t\t<\/div>\n\t\t\t\t<\/div>\n\t\t\t\t<div class=\"elementor-element elementor-element-9a51feb elementor-widget elementor-widget-text-editor\" data-id=\"9a51feb\" data-element_type=\"widget\" data-widget_type=\"text-editor.default\">\n\t\t\t\t<div class=\"elementor-widget-container\">\n\t\t\t\t\t\t\t\t\t\u00a1Es muy f\u00e1cil! Solo elige el producto en el que te encuentras interesado, GUARDA LAS IMAGENES, da click en nuestro bot\u00f3n de CONTACTO POR WhatsApp y comun\u00edcate directamente con nosotros. Acordaremos un pago y una forma de entrega contigo. \t\t\t\t\t\t\t\t<\/div>\n\t\t\t\t<\/div>\n\t\t\t\t<div class=\"elementor-element elementor-element-fc1fb8c elementor-invisible elementor-widget elementor-widget-heading\" data-id=\"fc1fb8c\" data-element_type=\"widget\" data-settings=\"{&quot;_animation&quot;:&quot;fadeInUp&quot;}\" data-widget_type=\"heading.default\">\n\t\t\t\t<div class=\"elementor-widget-container\">\n\t\t\t\t\t<h2 class=\"elementor-heading-title elementor-size-default\">C\u00f3mo Vendemos?<\/h2>\t\t\t\t<\/div>\n\t\t\t\t<\/div>\n\t\t\t\t<div class=\"elementor-element elementor-element-e81e241 elementor-widget elementor-widget-text-editor\" data-id=\"e81e241\" data-element_type=\"widget\" data-widget_type=\"text-editor.default\">\n\t\t\t\t<div class=\"elementor-widget-container\">\n\t\t\t\t\t\t\t\t\tSomos una tienda virtual. Manejamos cantidad, as\u00ed que primeramente mostramos la mercanc\u00eda por medio de en-vivos por Facebook y en segunda instancia por bazares fotogr\u00e1ficos por estados de WhatsApp.<br>\nContamos con sistema de ba\u00fal para guardar tus prendas pagas y decidas cuando se te realiza la entrega.\t\t\t\t\t\t\t\t<\/div>\n\t\t\t\t<\/div>\n\t\t\t\t<div class=\"elementor-element elementor-element-06c128d elementor-invisible elementor-widget elementor-widget-heading\" data-id=\"06c128d\" data-element_type=\"widget\" data-settings=\"{&quot;_animation&quot;:&quot;fadeInUp&quot;}\" data-widget_type=\"heading.default\">\n\t\t\t\t<div class=\"elementor-widget-container\">\n\t\t\t\t\t<h2 class=\"elementor-heading-title elementor-size-default\">Tipos de Entrega y Env\u00edos<\/h2>\t\t\t\t<\/div>\n\t\t\t\t<\/div>\n\t\t\t\t<div class=\"elementor-element elementor-element-5a42a2f elementor-widget elementor-widget-text-editor\" data-id=\"5a42a2f\" data-element_type=\"widget\" data-widget_type=\"text-editor.default\">\n\t\t\t\t<div class=\"elementor-widget-container\">\n\t\t\t\t\t\t\t\t\t<ol>\n \t<li>Puedes recoger tu paquete de manera presencial en nuestra direcci\u00f3n en Bogot\u00e1, relativamente cerca al Centro Comercial Tintal Plaza, siempre con previo aviso.<\/li>\n \t<li>Env\u00edos a nivel nacional a trav\u00e9s de Interrapidisimo. El costo del env\u00edo lo asume el comprador al momento de recibir. El pago de la compra se requiere de forma anticipada, y se puede realizar a trav\u00e9s de Nequi, DaviPlata o Ahorro a la Mano de Bancolombia.<\/li>\n \t<li>A trav\u00e9s de plataformas de transporte (Picap, InDriver, etc.) bajo responsabilidad del comprador. El costo del env\u00edo lo asume el comprador al recibir el paquete. El pago de la compra se requiere de forma anticipada, y se puede realizar a trav\u00e9s de Nequi, DaviPlata o Ahorro a la Mano de Bancolombia.<\/li>\n<\/ol> \t\t\t\t\t\t\t\t<\/div>\n\t\t\t\t<\/div>\n\t\t\t\t<div class=\"elementor-element elementor-element-de5466d elementor-invisible elementor-widget elementor-widget-heading\" data-id=\"de5466d\" data-element_type=\"widget\" data-settings=\"{&quot;_animation&quot;:&quot;fadeInUp&quot;}\" data-widget_type=\"heading.default\">\n\t\t\t\t<div class=\"elementor-widget-container\">\n\t\t\t\t\t<h2 class=\"elementor-heading-title elementor-size-default\">C\u00f3mo Pagar?<\/h2>\t\t\t\t<\/div>\n\t\t\t\t<\/div>\n\t\t\t\t<div class=\"elementor-element elementor-element-841623a elementor-widget elementor-widget-text-editor\" data-id=\"841623a\" data-element_type=\"widget\" data-widget_type=\"text-editor.default\">\n\t\t\t\t<div class=\"elementor-widget-container\">\n\t\t\t\t\t\t\t\t\tA trav\u00e9s de las billeteras digitales Nequi, DaviPlata o Ahorro a la Mano de Bancolombia (los n\u00fameros de cuenta ser\u00e1n suministrados al momento de realizar la compra). \t\t\t\t\t\t\t\t<\/div>\n\t\t\t\t<\/div>\n\t\t\t\t\t<\/div>\n\t\t<\/div>\n\t\t\t\t\t<\/div>\n\t\t<\/header>\n\t\t\t\t<section class=\"elementor-section elementor-top-section elementor-element elementor-element-58a20ad elementor-section-full_width elementor-section-height-default elementor-section-height-default\" data-id=\"58a20ad\" data-element_type=\"section\" data-settings=\"{&quot;background_background&quot;:&quot;classic&quot;}\">\n\t\t\t\t\t\t<div class=\"elementor-container elementor-column-gap-default\">\n\t\t\t\t\t<div class=\"elementor-column elementor-col-100 elementor-top-column elementor-element elementor-element-898b8ed\" data-id=\"898b8ed\" data-element_type=\"column\">\n\t\t\t<div class=\"elementor-widget-wrap elementor-element-populated\">\n\t\t\t\t\t\t<section class=\"elementor-section elementor-inner-section elementor-element elementor-element-16e22d8 elementor-section-boxed elementor-section-height-default elementor-section-height-default\" data-id=\"16e22d8\" data-element_type=\"section\" data-settings=\"{&quot;background_background&quot;:&quot;gradient&quot;}\">\n\t\t\t\t\t\t<div class=\"elementor-container elementor-column-gap-default\">\n\t\t\t\t\t<div class=\"elementor-column elementor-col-100 elementor-inner-column elementor-element elementor-element-bac7564\" data-id=\"bac7564\" data-element_type=\"column\">\n\t\t\t<div class=\"elementor-widget-wrap elementor-element-populated\">\n\t\t\t\t\t\t<div class=\"elementor-element elementor-element-e5be029 elementor-widget-mobile__width-auto elementor-widget-tablet__width-auto elementor-widget__width-auto elementor-view-default elementor-widget elementor-widget-icon\" data-id=\"e5be029\" data-element_type=\"widget\" data-widget_type=\"icon.default\">\n\t\t\t\t<div class=\"elementor-widget-container\">\n\t\t\t\t\t\t\t<div class=\"elementor-icon-wrapper\">\n\t\t\t<a class=\"elementor-icon\" href=\"tel:3144494431\" target=\"_blank\">\n\t\t\t<i aria-hidden=\"true\" class=\"fas fa-phone-square-alt\"><\/i>\t\t\t<\/a>\n\t\t<\/div>\n\t\t\t\t\t\t<\/div>\n\t\t\t\t<\/div>\n\t\t\t\t<div class=\"elementor-element elementor-element-8e83f9a elementor-widget-mobile__width-auto elementor-widget-tablet__width-auto elementor-widget__width-auto elementor-view-default elementor-widget elementor-widget-icon\" data-id=\"8e83f9a\" data-element_type=\"widget\" data-widget_type=\"icon.default\">\n\t\t\t\t<div class=\"elementor-widget-container\">\n\t\t\t\t\t\t\t<div class=\"elementor-icon-wrapper\">\n\t\t\t<a class=\"elementor-icon\" href=\"https:\/\/wa.me\/573144494431\" target=\"_blank\">\n\t\t\t<i aria-hidden=\"true\" class=\"fab fa-whatsapp-square\"><\/i>\t\t\t<\/a>\n\t\t<\/div>\n\t\t\t\t\t\t<\/div>\n\t\t\t\t<\/div>\n\t\t\t\t<div class=\"elementor-element elementor-element-cd977f4 elementor-widget-mobile__width-auto elementor-widget-tablet__width-auto elementor-widget__width-auto elementor-view-default elementor-widget elementor-widget-icon\" data-id=\"cd977f4\" data-element_type=\"widget\" data-widget_type=\"icon.default\">\n\t\t\t\t<div class=\"elementor-widget-container\">\n\t\t\t\t\t\t\t<div class=\"elementor-icon-wrapper\">\n\t\t\t<a class=\"elementor-icon\" href=\"https:\/\/www.facebook.com\/profile.php?id=100093578212925&#038;mibextid=ZbWKwL\" target=\"_blank\">\n\t\t\t<i aria-hidden=\"true\" class=\"fab fa-facebook-square\"><\/i>\t\t\t<\/a>\n\t\t<\/div>\n\t\t\t\t\t\t<\/div>\n\t\t\t\t<\/div>\n\t\t\t\t<div class=\"elementor-element elementor-element-71866e6 elementor-widget elementor-widget-heading\" data-id=\"71866e6\" data-element_type=\"widget\" data-widget_type=\"heading.default\">\n\t\t\t\t<div class=\"elementor-widget-container\">\n\t\t\t\t\t<h2 class=\"elementor-heading-title elementor-size-default\">Cont\u00e1ctanos Ahora<\/h2>\t\t\t\t<\/div>\n\t\t\t\t<\/div>\n\t\t\t\t<div class=\"elementor-element elementor-element-dd7b278 elementor-widget elementor-widget-text-editor\" data-id=\"dd7b278\" data-element_type=\"widget\" data-widget_type=\"text-editor.default\">\n\t\t\t\t<div class=\"elementor-widget-container\">\n\t\t\t\t\t\t\t\t\t<strong>Ana Mar\u00eda\u00a0Acosta<br>\n<\/strong>Tienda virtual, Bogot\u00e1 &#8211; localidad\u00a0Kennedy\t\t\t\t\t\t\t\t<\/div>\n\t\t\t\t<\/div>\n\t\t\t\t<div class=\"elementor-element elementor-element-d628794 elementor-widget elementor-widget-text-editor\" data-id=\"d628794\" data-element_type=\"widget\" data-widget_type=\"text-editor.default\">\n\t\t\t\t<div class=\"elementor-widget-container\">\n\t\t\t\t\t\t\t\t\t<strong>Tel\u00e9fono:<\/strong> 314\u00a0449 4431<br>\n<strong>WhatsApp:<\/strong> 314\u00a0449 4431<br>\n<strong>Facebook:<\/strong> <span style=\"text-decoration: underline;\"><span style=\"color: #ffffff;\"><strong><a style=\"color: #ffffff; text-decoration: underline;\" href=\"https:\/\/www.facebook.com\/profile.php?id=100093578212925&amp;mibextid=ZbWKwL\" target=\"_blank\" rel=\"noopener\">Usaditos Herencia de Jacobo<\/a><\/strong><\/span><\/span> \t\t\t\t\t\t\t\t<\/div>\n\t\t\t\t<\/div>\n\t\t\t\t<section class=\"elementor-section elementor-inner-section elementor-element elementor-element-a7e4655 elementor-section-full_width elementor-section-height-default elementor-section-height-default\" data-id=\"a7e4655\" data-element_type=\"section\">\n\t\t\t\t\t\t<div class=\"elementor-container elementor-column-gap-default\">\n\t\t\t\t\t<div class=\"elementor-column elementor-col-100 elementor-inner-column elementor-element elementor-element-fa24c31\" data-id=\"fa24c31\" data-element_type=\"column\" data-settings=\"{&quot;background_background&quot;:&quot;classic&quot;}\">\n\t\t\t<div class=\"elementor-widget-wrap elementor-element-populated\">\n\t\t\t\t\t\t<div class=\"elementor-element elementor-element-cc476d2 elementor-mobile-align-left elementor-widget-mobile__width-auto elementor-tablet-align-center elementor-widget__width-auto elementor-widget-tablet__width-auto elementor-widget elementor-widget-button\" data-id=\"cc476d2\" data-element_type=\"widget\" data-widget_type=\"button.default\">\n\t\t\t\t<div class=\"elementor-widget-container\">\n\t\t\t\t\t\t\t\t\t<div class=\"elementor-button-wrapper\">\n\t\t\t\t\t<a class=\"elementor-button elementor-button-link elementor-size-sm\" href=\"tel:3144494431\" target=\"_blank\">\n\t\t\t\t\t\t<span class=\"elementor-button-content-wrapper\">\n\t\t\t\t\t\t<span class=\"elementor-button-icon\">\n\t\t\t\t<i aria-hidden=\"true\" class=\"icon icon-phone-call1\"><\/i>\t\t\t<\/span>\n\t\t\t\t\t\t\t\t\t<span class=\"elementor-button-text\">Llamar<\/span>\n\t\t\t\t\t<\/span>\n\t\t\t\t\t<\/a>\n\t\t\t\t<\/div>\n\t\t\t\t\t\t\t\t<\/div>\n\t\t\t\t<\/div>\n\t\t\t\t<div class=\"elementor-element elementor-element-8747976 elementor-mobile-align-left elementor-widget-mobile__width-auto elementor-widget__width-auto elementor-widget-tablet__width-auto elementor-widget elementor-widget-button\" data-id=\"8747976\" data-element_type=\"widget\" data-widget_type=\"button.default\">\n\t\t\t\t<div class=\"elementor-widget-container\">\n\t\t\t\t\t\t\t\t\t<div class=\"elementor-button-wrapper\">\n\t\t\t\t\t<a class=\"elementor-button elementor-button-link elementor-size-sm\" href=\"https:\/\/wa.me\/573144494431\" target=\"_blank\">\n\t\t\t\t\t\t<span class=\"elementor-button-content-wrapper\">\n\t\t\t\t\t\t<span class=\"elementor-button-icon\">\n\t\t\t\t<i aria-hidden=\"true\" class=\"fab fa-whatsapp\"><\/i>\t\t\t<\/span>\n\t\t\t\t\t\t\t\t\t<span class=\"elementor-button-text\">WhatsApp<\/span>\n\t\t\t\t\t<\/span>\n\t\t\t\t\t<\/a>\n\t\t\t\t<\/div>\n\t\t\t\t\t\t\t\t<\/div>\n\t\t\t\t<\/div>\n\t\t\t\t<div class=\"elementor-element elementor-element-21fbd2d elementor-mobile-align-left elementor-widget-mobile__width-auto elementor-widget__width-auto elementor-widget-tablet__width-auto elementor-widget elementor-widget-button\" data-id=\"21fbd2d\" data-element_type=\"widget\" data-widget_type=\"button.default\">\n\t\t\t\t<div class=\"elementor-widget-container\">\n\t\t\t\t\t\t\t\t\t<div class=\"elementor-button-wrapper\">\n\t\t\t\t\t<a class=\"elementor-button elementor-button-link elementor-size-sm\" href=\"https:\/\/www.facebook.com\/profile.php?id=100093578212925&#038;mibextid=ZbWKwL\" target=\"_blank\">\n\t\t\t\t\t\t<span class=\"elementor-button-content-wrapper\">\n\t\t\t\t\t\t<span class=\"elementor-button-icon\">\n\t\t\t\t<i aria-hidden=\"true\" class=\"fab fa-facebook\"><\/i>\t\t\t<\/span>\n\t\t\t\t\t\t\t\t\t<span class=\"elementor-button-text\">Facebook<\/span>\n\t\t\t\t\t<\/span>\n\t\t\t\t\t<\/a>\n\t\t\t\t<\/div>\n\t\t\t\t\t\t\t\t<\/div>\n\t\t\t\t<\/div>\n\t\t\t\t\t<\/div>\n\t\t<\/div>\n\t\t\t\t\t<\/div>\n\t\t<\/section>\n\t\t\t\t\t<\/div>\n\t\t<\/div>\n\t\t\t\t\t<\/div>\n\t\t<\/section>\n\t\t\t\t\t<\/div>\n\t\t<\/div>\n\t\t\t\t\t<\/div>\n\t\t<\/section>\n\t\t\t\t<section class=\"elementor-section elementor-top-section elementor-element elementor-element-55d0ae1 elementor-section-full_width elementor-section-height-default elementor-section-height-default\" data-id=\"55d0ae1\" data-element_type=\"section\" data-settings=\"{&quot;background_background&quot;:&quot;classic&quot;}\">\n\t\t\t\t\t\t<div class=\"elementor-container elementor-column-gap-default\">\n\t\t\t\t\t<div class=\"elementor-column elementor-col-100 elementor-top-column elementor-element elementor-element-0c72438\" data-id=\"0c72438\" data-element_type=\"column\">\n\t\t\t<div class=\"elementor-widget-wrap elementor-element-populated\">\n\t\t\t\t\t\t<section class=\"elementor-section elementor-inner-section elementor-element elementor-element-b756add elementor-section-boxed elementor-section-height-default elementor-section-height-default\" data-id=\"b756add\" data-element_type=\"section\" data-settings=\"{&quot;background_background&quot;:&quot;gradient&quot;}\">\n\t\t\t\t\t\t<div class=\"elementor-container elementor-column-gap-default\">\n\t\t\t\t\t<div class=\"elementor-column elementor-col-100 elementor-inner-column elementor-element elementor-element-474b0ff\" data-id=\"474b0ff\" data-element_type=\"column\">\n\t\t\t<div class=\"elementor-widget-wrap elementor-element-populated\">\n\t\t\t\t\t\t<div class=\"elementor-element elementor-element-12bc25c elementor-widget-mobile__width-auto elementor-widget-tablet__width-auto elementor-widget__width-auto elementor-view-default elementor-widget elementor-widget-icon\" data-id=\"12bc25c\" data-element_type=\"widget\" data-widget_type=\"icon.default\">\n\t\t\t\t<div class=\"elementor-widget-container\">\n\t\t\t\t\t\t\t<div class=\"elementor-icon-wrapper\">\n\t\t\t<a class=\"elementor-icon\" href=\"https:\/\/chat.whatsapp.com\/Kz22ZOy0MGsJufnKwwDswC\" target=\"_blank\">\n\t\t\t<i aria-hidden=\"true\" class=\"fab fa-whatsapp\"><\/i>\t\t\t<\/a>\n\t\t<\/div>\n\t\t\t\t\t\t<\/div>\n\t\t\t\t<\/div>\n\t\t\t\t<div class=\"elementor-element elementor-element-cc0ff73 elementor-widget-mobile__width-auto elementor-widget-tablet__width-auto elementor-widget__width-auto elementor-view-default elementor-widget elementor-widget-icon\" data-id=\"cc0ff73\" data-element_type=\"widget\" data-widget_type=\"icon.default\">\n\t\t\t\t<div class=\"elementor-widget-container\">\n\t\t\t\t\t\t\t<div class=\"elementor-icon-wrapper\">\n\t\t\t<a class=\"elementor-icon\" href=\"https:\/\/chat.whatsapp.com\/Kz22ZOy0MGsJufnKwwDswC\" target=\"_blank\">\n\t\t\t<i aria-hidden=\"true\" class=\"fab fa-whatsapp-square\"><\/i>\t\t\t<\/a>\n\t\t<\/div>\n\t\t\t\t\t\t<\/div>\n\t\t\t\t<\/div>\n\t\t\t\t<div class=\"elementor-element elementor-element-e95bac6 elementor-widget-mobile__width-auto elementor-widget-tablet__width-auto elementor-widget__width-auto elementor-view-default elementor-widget elementor-widget-icon\" data-id=\"e95bac6\" data-element_type=\"widget\" data-widget_type=\"icon.default\">\n\t\t\t\t<div class=\"elementor-widget-container\">\n\t\t\t\t\t\t\t<div class=\"elementor-icon-wrapper\">\n\t\t\t<a class=\"elementor-icon\" href=\"https:\/\/chat.whatsapp.com\/Kz22ZOy0MGsJufnKwwDswC\" target=\"_blank\">\n\t\t\t<i aria-hidden=\"true\" class=\"far fa-smile-wink\"><\/i>\t\t\t<\/a>\n\t\t<\/div>\n\t\t\t\t\t\t<\/div>\n\t\t\t\t<\/div>\n\t\t\t\t<div class=\"elementor-element elementor-element-8e86295 elementor-widget elementor-widget-heading\" data-id=\"8e86295\" data-element_type=\"widget\" data-widget_type=\"heading.default\">\n\t\t\t\t<div class=\"elementor-widget-container\">\n\t\t\t\t\t<h2 class=\"elementor-heading-title elementor-size-default\">Grupo de WhatsApp<\/h2>\t\t\t\t<\/div>\n\t\t\t\t<\/div>\n\t\t\t\t<div class=\"elementor-element elementor-element-9dc6bff elementor-widget elementor-widget-text-editor\" data-id=\"9dc6bff\" data-element_type=\"widget\" data-widget_type=\"text-editor.default\">\n\t\t\t\t<div class=\"elementor-widget-container\">\n\t\t\t\t\t\t\t\t\t\u00danete a nuestro grupo de WhatsApp, y as\u00ed no te perder\u00e1s actualizaciones de nuestra espectacular mercanc\u00eda. \t\t\t\t\t\t\t\t<\/div>\n\t\t\t\t<\/div>\n\t\t\t\t<section class=\"elementor-section elementor-inner-section elementor-element elementor-element-26afe86 elementor-section-full_width elementor-section-height-default elementor-section-height-default\" data-id=\"26afe86\" data-element_type=\"section\">\n\t\t\t\t\t\t<div class=\"elementor-container elementor-column-gap-default\">\n\t\t\t\t\t<div class=\"elementor-column elementor-col-100 elementor-inner-column elementor-element elementor-element-d632210\" data-id=\"d632210\" data-element_type=\"column\" data-settings=\"{&quot;background_background&quot;:&quot;classic&quot;}\">\n\t\t\t<div class=\"elementor-widget-wrap elementor-element-populated\">\n\t\t\t\t\t\t<div class=\"elementor-element elementor-element-ccbf30d elementor-mobile-align-left elementor-widget-mobile__width-auto elementor-widget__width-auto elementor-widget-tablet__width-auto elementor-widget elementor-widget-button\" data-id=\"ccbf30d\" data-element_type=\"widget\" data-widget_type=\"button.default\">\n\t\t\t\t<div class=\"elementor-widget-container\">\n\t\t\t\t\t\t\t\t\t<div class=\"elementor-button-wrapper\">\n\t\t\t\t\t<a class=\"elementor-button elementor-button-link elementor-size-sm\" href=\"https:\/\/chat.whatsapp.com\/Kz22ZOy0MGsJufnKwwDswC\" target=\"_blank\">\n\t\t\t\t\t\t<span class=\"elementor-button-content-wrapper\">\n\t\t\t\t\t\t<span class=\"elementor-button-icon\">\n\t\t\t\t<i aria-hidden=\"true\" class=\"fab fa-whatsapp\"><\/i>\t\t\t<\/span>\n\t\t\t\t\t\t\t\t\t<span class=\"elementor-button-text\">Unirme al Grupo<\/span>\n\t\t\t\t\t<\/span>\n\t\t\t\t\t<\/a>\n\t\t\t\t<\/div>\n\t\t\t\t\t\t\t\t<\/div>\n\t\t\t\t<\/div>\n\t\t\t\t\t<\/div>\n\t\t<\/div>\n\t\t\t\t\t<\/div>\n\t\t<\/section>\n\t\t\t\t\t<\/div>\n\t\t<\/div>\n\t\t\t\t\t<\/div>\n\t\t<\/section>\n\t\t\t\t\t<\/div>\n\t\t<\/div>\n\t\t\t\t\t<\/div>\n\t\t<\/section>\n\t\t\t\t<\/div>\n\t\t","protected":false},"excerpt":{"rendered":"<p>no tiene que ser nuevo para ser hermoso C\u00f3mo Comprar? \u00a1Es muy f\u00e1cil! Solo elige el producto en el que te encuentras interesado, GUARDA LAS IMAGENES, da click en nuestro bot\u00f3n de CONTACTO POR WhatsApp y comun\u00edcate directamente con nosotros. Acordaremos un pago y una forma de entrega contigo. C\u00f3mo Vendemos? Somos una tienda virtual. &hellip;<\/p>\n<p class=\"read-more\"> <a class=\"\" href=\"https:\/\/usaditosherenciajacobo.com\/index.php\/como-comprar\/\"> <span class=\"screen-reader-text\">C\u00f3mo Comprar<\/span> Leer m\u00e1s &raquo;<\/a><\/p>\n","protected":false},"author":1,"featured_media":0,"parent":0,"menu_order":0,"comment_status":"closed","ping_status":"closed","template":"","meta":{"footnotes":""},"_links":{"self":[{"href":"https:\/\/usaditosherenciajacobo.com\/index.php\/wp-json\/wp\/v2\/pages\/932"}],"collection":[{"href":"https:\/\/usaditosherenciajacobo.com\/index.php\/wp-json\/wp\/v2\/pages"}],"about":[{"href":"https:\/\/usaditosherenciajacobo.com\/index.php\/wp-json\/wp\/v2\/types\/page"}],"author":[{"embeddable":true,"href":"https:\/\/usaditosherenciajacobo.com\/index.php\/wp-json\/wp\/v2\/users\/1"}],"replies":[{"embeddable":true,"href":"https:\/\/usaditosherenciajacobo.com\/index.php\/wp-json\/wp\/v2\/comments?post=932"}],"version-history":[{"count":64,"href":"https:\/\/usaditosherenciajacobo.com\/index.php\/wp-json\/wp\/v2\/pages\/932\/revisions"}],"predecessor-version":[{"id":1297,"href":"https:\/\/usaditosherenciajacobo.com\/index.php\/wp-json\/wp\/v2\/pages\/932\/revisions\/1297"}],"wp:attachment":[{"href":"https:\/\/usaditosherenciajacobo.com\/index.php\/wp-json\/wp\/v2\/media?parent=932"}],"curies":[{"name":"wp","href":"https:\/\/api.w.org\/{rel}","templated":true}]}}